{"id":1174,"date":"2016-11-17T09:19:27","date_gmt":"2016-11-17T15:19:27","guid":{"rendered":"https:\/\/mrled.mx\/Tienda\/?page_id=1174"},"modified":"2025-05-29T13:04:17","modified_gmt":"2025-05-29T19:04:17","slug":"mr-led-quienes-somos","status":"publish","type":"page","link":"https:\/\/mrled.mx\/Tienda\/mr-led-quienes-somos\/","title":{"rendered":"QUIENES SOMOS"},"content":{"rendered":"\n<div style=\"height:20px\" aria-hidden=\"true\" class=\"wp-block-spacer\"><\/div>\n\n\n\n<p><span style=\"color: #000000;\"><strong>Mister Led<\/strong>  ( MR LED) es una empresa mexicana fundada en el a\u00f1o 2010, dedicada al comercio electr\u00f3nico de productos de iluminaci\u00f3n principalmente en el ramo automotriz, creada como una alternativa de compra pr\u00e1ctica, seria, confiable, segura, honesta y efectiva que provee accesorios de calidad con precios muy atractivos y con un excelente tiempo de entrega en cada pedido que se recibe.<\/span><\/p>\n\n\n\n<p><span style=\"color: #000000;\"><strong>Nuestros Productos<\/strong><\/span><\/p>\n\n\n\n<p><span style=\"color: #000000;\">&#8211; Barra de led ( rectas, curvas,&nbsp; con diferentes \u00f3pticas)<\/span><\/p>\n\n\n\n<p><span style=\"color: #000000;\">&#8211; Faros de led ( redondos, cuadros, para montacargas, para motocicletas, camiones, etc.)<\/span><\/p>\n\n\n\n<p><span style=\"color: #000000;\">&#8211; Torretas ( estrobos, modulos,gran variedad de formas y tama\u00f1os)<\/span><\/p>\n\n\n\n<p><span style=\"color: #000000;\">&#8211; Varios ( accesorios de instalaci\u00f3n, de montaje, complementarios, switch\u2019s, antenas led)<\/span><\/p>\n\n\n\n<p><strong><span style=\"color: #000000;\">Valores<\/span><\/strong><\/p>\n\n\n\n<ul class=\"wp-block-list\">\n<li><span style=\"color: #000000;\">Honestidad<\/span><\/li>\n\n\n\n<li><span style=\"color: #000000;\">Profesionalismo<\/span><\/li>\n\n\n\n<li><span style=\"color: #000000;\">Responsabilidad<\/span><\/li>\n\n\n\n<li><span style=\"color: #000000;\">Respeto<\/span><\/li>\n\n\n\n<li><span style=\"color: #000000;\">Calidad<\/span><\/li>\n\n\n\n<li><span style=\"color: #000000;\">Compromiso<\/span><\/li>\n\n\n\n<li><span style=\"color: #000000;\">Confianza<\/span><\/li>\n\n\n\n<li><span style=\"color: #000000;\">Integridad<\/span><\/li>\n\n\n\n<li><span style=\"color: #000000;\">Constancia<\/span><\/li>\n\n\n\n<li><span style=\"color: #000000;\">Seguridad<\/span><\/li>\n<\/ul>\n\n\n\n<p><strong><span style=\"color: #000000;\">Ventajas competitivas<\/span><\/strong><\/p>\n\n\n\n<ul class=\"wp-block-list\">\n<li><span style=\"color: #000000;\">Variedad de productos<\/span><\/li>\n\n\n\n<li><span style=\"color: #000000;\">Calidad<\/span><\/li>\n\n\n\n<li><span style=\"color: #000000;\">Facilidad de compra<\/span><\/li>\n\n\n\n<li><span style=\"color: #000000;\">Precios atractivos<\/span><\/li>\n\n\n\n<li><span style=\"color: #000000;\">Legalidad<\/span><\/li>\n\n\n\n<li><span style=\"color: #000000;\">Informaci\u00f3n de producto<\/span><\/li>\n\n\n\n<li><span style=\"color: #000000;\">Rapidez de entrega<\/span><\/li>\n\n\n\n<li><span style=\"color: #000000;\">Consolidaci\u00f3n de mercanc\u00eda<\/span><\/li>\n\n\n\n<li><span style=\"color: #000000;\">Atenci\u00f3n y seguimiento<\/span><\/li>\n<\/ul>\n\n\n\n<p><span style=\"color: #000000;\">Somos tambi\u00e9n una tienda <\/span>oficial en mercadolibre:  <a href=\"https:\/\/www.mercadolibre.com.mx\/tienda\/mr-led\" target=\"_blank\" rel=\"noreferrer noopener\">https:\/\/www.mercadolibre.com.mx\/tienda\/mr-led<\/a><\/p>\n\n\n<div class=\"wp-block-image\">\n<figure class=\"alignleft\"><a href=\"http:\/\/perfil.mercadolibre.com.mx\/MR+LED\" target=\"_blank\" rel=\"noopener\"><img decoding=\"async\" src=\"https:\/\/mrled.mx\/Tienda\/wp-content\/uploads\/2016\/11\/MERCADOLIDER-MRLED-199x300.jpg\" alt=\"Mr Led MercadoLider\" class=\"wp-image-1175\" title=\"Mr Led MercadoLider\"\/><\/a><\/figure>\n<\/div>\n\n\n<p>Estamos ubicados en la ciudad de puebla, donde con gusto te podemos atender<\/p>\n\n\n\n<p><iframe loading=\"lazy\" style=\"border: 0;\" src=\"https:\/\/www.google.com\/maps\/embed?pb=!1m18!1m12!1m3!1d3771.445242151214!2d-98.1695962846247!3d19.04415195792045!2m3!1f0!2f0!3f0!3m2!1i1024!2i768!4f13.1!3m3!1m2!1s0x85cfc18dd84a3337%3A0xb3a792218c629dca!2sMR+LED!5e0!3m2!1ses-419!2smx!4v1535991625686\" width=\"600\" height=\"450\" frameborder=\"0\" allowfullscreen=\"allowfullscreen\"><\/iframe><\/p>\n","protected":false},"excerpt":{"rendered":"<p>Mister Led ( MR LED) es una empresa mexicana fundada en el a\u00f1o 2010, dedicada al comercio electr\u00f3nico de productos de iluminaci\u00f3n principalmente en el ramo automotriz, creada como una alternativa de compra pr\u00e1ctica, seria, confiable, segura, honesta y efectiva que provee accesorios de calidad con precios muy atractivos y con un excelente tiempo de&hellip;&nbsp;<a href=\"https:\/\/mrled.mx\/Tienda\/mr-led-quienes-somos\/\" rel=\"bookmark\">Read More &raquo;<span class=\"screen-reader-text\">QUIENES SOMOS<\/span><\/a><\/p>\n","protected":false},"author":2,"featured_media":4,"parent":0,"menu_order":0,"comment_status":"closed","ping_status":"closed","template":"","meta":{"neve_meta_sidebar":"","neve_meta_container":"","neve_meta_enable_content_width":"","neve_meta_content_width":0,"neve_meta_title_alignment":"","neve_meta_author_avatar":"","neve_post_elements_order":"","neve_meta_disable_header":"","neve_meta_disable_footer":"","neve_meta_disable_title":"off","neve_meta_reading_time":"","footnotes":""},"class_list":["post-1174","page","type-page","status-publish","has-post-thumbnail","hentry"],"yoast_head":"<!-- This site is optimized with the Yoast SEO plugin v27.6 - https:\/\/yoast.com\/product\/yoast-seo-wordpress\/ -->\n<title>Mr Led Quienes somos | Mr Led Tienda Online | Venta de barras leds<\/title>\n<meta name=\"description\" content=\"Mister Led es una empresa mexicana fundada en el a\u00f1o 2010, dedicada al comercio electr\u00f3nico de productos de iluminaci\u00f3n principalmente en el ramo\" \/>\n<meta name=\"robots\" content=\"index, follow, max-snippet:-1, max-image-preview:large, max-video-preview:-1\" \/>\n<link rel=\"canonical\" href=\"https:\/\/mrled.mx\/Tienda\/mr-led-quienes-somos\/\" \/>\n<meta property=\"og:locale\" content=\"es_ES\" \/>\n<meta property=\"og:type\" content=\"article\" \/>\n<meta property=\"og:title\" content=\"Quienes somos | Mr Led Tienda Online | Venta de barras leds\" \/>\n<meta property=\"og:description\" content=\"Mister Led es una empresa mexicana fundada en el a\u00f1o 2010, dedicada al comercio electr\u00f3nico de productos de iluminaci\u00f3n principalmente en el ramo automotriz, creada como\" \/>\n<meta property=\"og:url\" content=\"https:\/\/mrled.mx\/Tienda\/mr-led-quienes-somos\/\" \/>\n<meta property=\"og:site_name\" content=\"Mr Led Tienda Online - Mr Led\" \/>\n<meta property=\"article:publisher\" content=\"https:\/\/www.facebook.com\/mrled.mx\/\" \/>\n<meta property=\"article:modified_time\" content=\"2025-05-29T19:04:17+00:00\" \/>\n<meta property=\"og:image\" content=\"https:\/\/mrled.mx\/Tienda\/wp-content\/uploads\/2016\/06\/mrled.png\" \/>\n\t<meta property=\"og:image:width\" content=\"709\" \/>\n\t<meta property=\"og:image:height\" content=\"312\" \/>\n\t<meta property=\"og:image:type\" content=\"image\/png\" \/>\n<meta name=\"twitter:card\" content=\"summary_large_image\" \/>\n<meta name=\"twitter:title\" content=\"Quienes somos | Mr Led Tienda Online | Venta de barras leds\" \/>\n<meta name=\"twitter:description\" content=\"Mister Led es una empresa mexicana fundada en el a\u00f1o 2010, dedicada al comercio electr\u00f3nico de productos de iluminaci\u00f3n principalmente en el ramo automotriz, creada como\" \/>\n<meta name=\"twitter:image\" content=\"https:\/\/mrled.mx\/Tienda\/wp-content\/uploads\/2016\/06\/mrled.png\" \/>\n<meta name=\"twitter:label1\" content=\"Tiempo de lectura\" \/>\n\t<meta name=\"twitter:data1\" content=\"2 minutos\" \/>\n<script type=\"application\/ld+json\" class=\"yoast-schema-graph\">{\"@context\":\"https:\\\/\\\/schema.org\",\"@graph\":[{\"@type\":\"WebPage\",\"@id\":\"https:\\\/\\\/mrled.mx\\\/Tienda\\\/mr-led-quienes-somos\\\/\",\"url\":\"https:\\\/\\\/mrled.mx\\\/Tienda\\\/mr-led-quienes-somos\\\/\",\"name\":\"Mr Led Quienes somos | Mr Led Tienda Online | Venta de barras leds\",\"isPartOf\":{\"@id\":\"https:\\\/\\\/mrled.mx\\\/Tienda\\\/#website\"},\"primaryImageOfPage\":{\"@id\":\"https:\\\/\\\/mrled.mx\\\/Tienda\\\/mr-led-quienes-somos\\\/#primaryimage\"},\"image\":{\"@id\":\"https:\\\/\\\/mrled.mx\\\/Tienda\\\/mr-led-quienes-somos\\\/#primaryimage\"},\"thumbnailUrl\":\"https:\\\/\\\/mrled.mx\\\/Tienda\\\/wp-content\\\/uploads\\\/2016\\\/06\\\/mrled.png\",\"datePublished\":\"2016-11-17T15:19:27+00:00\",\"dateModified\":\"2025-05-29T19:04:17+00:00\",\"description\":\"Mister Led es una empresa mexicana fundada en el a\u00f1o 2010, dedicada al comercio electr\u00f3nico de productos de iluminaci\u00f3n principalmente en el ramo\",\"breadcrumb\":{\"@id\":\"https:\\\/\\\/mrled.mx\\\/Tienda\\\/mr-led-quienes-somos\\\/#breadcrumb\"},\"inLanguage\":\"es\",\"potentialAction\":[{\"@type\":\"ReadAction\",\"target\":[\"https:\\\/\\\/mrled.mx\\\/Tienda\\\/mr-led-quienes-somos\\\/\"]}]},{\"@type\":\"ImageObject\",\"inLanguage\":\"es\",\"@id\":\"https:\\\/\\\/mrled.mx\\\/Tienda\\\/mr-led-quienes-somos\\\/#primaryimage\",\"url\":\"https:\\\/\\\/mrled.mx\\\/Tienda\\\/wp-content\\\/uploads\\\/2016\\\/06\\\/mrled.png\",\"contentUrl\":\"https:\\\/\\\/mrled.mx\\\/Tienda\\\/wp-content\\\/uploads\\\/2016\\\/06\\\/mrled.png\",\"width\":709,\"height\":312,\"caption\":\"Mr Led\"},{\"@type\":\"BreadcrumbList\",\"@id\":\"https:\\\/\\\/mrled.mx\\\/Tienda\\\/mr-led-quienes-somos\\\/#breadcrumb\",\"itemListElement\":[{\"@type\":\"ListItem\",\"position\":1,\"name\":\"Portada\",\"item\":\"https:\\\/\\\/mrled.mx\\\/Tienda\\\/\"},{\"@type\":\"ListItem\",\"position\":2,\"name\":\"QUIENES SOMOS\"}]},{\"@type\":\"WebSite\",\"@id\":\"https:\\\/\\\/mrled.mx\\\/Tienda\\\/#website\",\"url\":\"https:\\\/\\\/mrled.mx\\\/Tienda\\\/\",\"name\":\"Mr Led Tienda Online - Mr Led\",\"description\":\"Bienvenido a nuestro cat\u00e1logo de productos, Mr Led se pone a sus ordenes\",\"publisher\":{\"@id\":\"https:\\\/\\\/mrled.mx\\\/Tienda\\\/#organization\"},\"potentialAction\":[{\"@type\":\"SearchAction\",\"target\":{\"@type\":\"EntryPoint\",\"urlTemplate\":\"https:\\\/\\\/mrled.mx\\\/Tienda\\\/?s={search_term_string}\"},\"query-input\":{\"@type\":\"PropertyValueSpecification\",\"valueRequired\":true,\"valueName\":\"search_term_string\"}}],\"inLanguage\":\"es\"},{\"@type\":\"Organization\",\"@id\":\"https:\\\/\\\/mrled.mx\\\/Tienda\\\/#organization\",\"name\":\"MR LED\",\"url\":\"https:\\\/\\\/mrled.mx\\\/Tienda\\\/\",\"logo\":{\"@type\":\"ImageObject\",\"inLanguage\":\"es\",\"@id\":\"https:\\\/\\\/mrled.mx\\\/Tienda\\\/#\\\/schema\\\/logo\\\/image\\\/\",\"url\":\"https:\\\/\\\/mrled.mx\\\/Tienda\\\/wp-content\\\/uploads\\\/2018\\\/05\\\/mrled.png\",\"contentUrl\":\"https:\\\/\\\/mrled.mx\\\/Tienda\\\/wp-content\\\/uploads\\\/2018\\\/05\\\/mrled.png\",\"width\":709,\"height\":312,\"caption\":\"MR LED\"},\"image\":{\"@id\":\"https:\\\/\\\/mrled.mx\\\/Tienda\\\/#\\\/schema\\\/logo\\\/image\\\/\"},\"sameAs\":[\"https:\\\/\\\/www.facebook.com\\\/mrled.mx\\\/\",\"https:\\\/\\\/www.instagram.com\\\/mr_led_mx\\\/\",\"https:\\\/\\\/www.youtube.com\\\/channel\\\/UCbEm4slOc4Ay4j86mJbYPEw\"]}]}<\/script>\n<!-- \/ Yoast SEO plugin. -->","yoast_head_json":{"title":"Mr Led Quienes somos | Mr Led Tienda Online | Venta de barras leds","description":"Mister Led es una empresa mexicana fundada en el a\u00f1o 2010, dedicada al comercio electr\u00f3nico de productos de iluminaci\u00f3n principalmente en el ramo","robots":{"index":"index","follow":"follow","max-snippet":"max-snippet:-1","max-image-preview":"max-image-preview:large","max-video-preview":"max-video-preview:-1"},"canonical":"https:\/\/mrled.mx\/Tienda\/mr-led-quienes-somos\/","og_locale":"es_ES","og_type":"article","og_title":"Quienes somos | Mr Led Tienda Online | Venta de barras leds","og_description":"Mister Led es una empresa mexicana fundada en el a\u00f1o 2010, dedicada al comercio electr\u00f3nico de productos de iluminaci\u00f3n principalmente en el ramo automotriz, creada como","og_url":"https:\/\/mrled.mx\/Tienda\/mr-led-quienes-somos\/","og_site_name":"Mr Led Tienda Online - Mr Led","article_publisher":"https:\/\/www.facebook.com\/mrled.mx\/","article_modified_time":"2025-05-29T19:04:17+00:00","og_image":[{"width":709,"height":312,"url":"https:\/\/mrled.mx\/Tienda\/wp-content\/uploads\/2016\/06\/mrled.png","type":"image\/png"}],"twitter_card":"summary_large_image","twitter_title":"Quienes somos | Mr Led Tienda Online | Venta de barras leds","twitter_description":"Mister Led es una empresa mexicana fundada en el a\u00f1o 2010, dedicada al comercio electr\u00f3nico de productos de iluminaci\u00f3n principalmente en el ramo automotriz, creada como","twitter_image":"https:\/\/mrled.mx\/Tienda\/wp-content\/uploads\/2016\/06\/mrled.png","twitter_misc":{"Tiempo de lectura":"2 minutos"},"schema":{"@context":"https:\/\/schema.org","@graph":[{"@type":"WebPage","@id":"https:\/\/mrled.mx\/Tienda\/mr-led-quienes-somos\/","url":"https:\/\/mrled.mx\/Tienda\/mr-led-quienes-somos\/","name":"Mr Led Quienes somos | Mr Led Tienda Online | Venta de barras leds","isPartOf":{"@id":"https:\/\/mrled.mx\/Tienda\/#website"},"primaryImageOfPage":{"@id":"https:\/\/mrled.mx\/Tienda\/mr-led-quienes-somos\/#primaryimage"},"image":{"@id":"https:\/\/mrled.mx\/Tienda\/mr-led-quienes-somos\/#primaryimage"},"thumbnailUrl":"https:\/\/mrled.mx\/Tienda\/wp-content\/uploads\/2016\/06\/mrled.png","datePublished":"2016-11-17T15:19:27+00:00","dateModified":"2025-05-29T19:04:17+00:00","description":"Mister Led es una empresa mexicana fundada en el a\u00f1o 2010, dedicada al comercio electr\u00f3nico de productos de iluminaci\u00f3n principalmente en el ramo","breadcrumb":{"@id":"https:\/\/mrled.mx\/Tienda\/mr-led-quienes-somos\/#breadcrumb"},"inLanguage":"es","potentialAction":[{"@type":"ReadAction","target":["https:\/\/mrled.mx\/Tienda\/mr-led-quienes-somos\/"]}]},{"@type":"ImageObject","inLanguage":"es","@id":"https:\/\/mrled.mx\/Tienda\/mr-led-quienes-somos\/#primaryimage","url":"https:\/\/mrled.mx\/Tienda\/wp-content\/uploads\/2016\/06\/mrled.png","contentUrl":"https:\/\/mrled.mx\/Tienda\/wp-content\/uploads\/2016\/06\/mrled.png","width":709,"height":312,"caption":"Mr Led"},{"@type":"BreadcrumbList","@id":"https:\/\/mrled.mx\/Tienda\/mr-led-quienes-somos\/#breadcrumb","itemListElement":[{"@type":"ListItem","position":1,"name":"Portada","item":"https:\/\/mrled.mx\/Tienda\/"},{"@type":"ListItem","position":2,"name":"QUIENES SOMOS"}]},{"@type":"WebSite","@id":"https:\/\/mrled.mx\/Tienda\/#website","url":"https:\/\/mrled.mx\/Tienda\/","name":"Mr Led Tienda Online - Mr Led","description":"Bienvenido a nuestro cat\u00e1logo de productos, Mr Led se pone a sus ordenes","publisher":{"@id":"https:\/\/mrled.mx\/Tienda\/#organization"},"potentialAction":[{"@type":"SearchAction","target":{"@type":"EntryPoint","urlTemplate":"https:\/\/mrled.mx\/Tienda\/?s={search_term_string}"},"query-input":{"@type":"PropertyValueSpecification","valueRequired":true,"valueName":"search_term_string"}}],"inLanguage":"es"},{"@type":"Organization","@id":"https:\/\/mrled.mx\/Tienda\/#organization","name":"MR LED","url":"https:\/\/mrled.mx\/Tienda\/","logo":{"@type":"ImageObject","inLanguage":"es","@id":"https:\/\/mrled.mx\/Tienda\/#\/schema\/logo\/image\/","url":"https:\/\/mrled.mx\/Tienda\/wp-content\/uploads\/2018\/05\/mrled.png","contentUrl":"https:\/\/mrled.mx\/Tienda\/wp-content\/uploads\/2018\/05\/mrled.png","width":709,"height":312,"caption":"MR LED"},"image":{"@id":"https:\/\/mrled.mx\/Tienda\/#\/schema\/logo\/image\/"},"sameAs":["https:\/\/www.facebook.com\/mrled.mx\/","https:\/\/www.instagram.com\/mr_led_mx\/","https:\/\/www.youtube.com\/channel\/UCbEm4slOc4Ay4j86mJbYPEw"]}]}},"_links":{"self":[{"href":"https:\/\/mrled.mx\/Tienda\/wp-json\/wp\/v2\/pages\/1174","targetHints":{"allow":["GET"]}}],"collection":[{"href":"https:\/\/mrled.mx\/Tienda\/wp-json\/wp\/v2\/pages"}],"about":[{"href":"https:\/\/mrled.mx\/Tienda\/wp-json\/wp\/v2\/types\/page"}],"author":[{"embeddable":true,"href":"https:\/\/mrled.mx\/Tienda\/wp-json\/wp\/v2\/users\/2"}],"replies":[{"embeddable":true,"href":"https:\/\/mrled.mx\/Tienda\/wp-json\/wp\/v2\/comments?post=1174"}],"version-history":[{"count":27,"href":"https:\/\/mrled.mx\/Tienda\/wp-json\/wp\/v2\/pages\/1174\/revisions"}],"predecessor-version":[{"id":17410,"href":"https:\/\/mrled.mx\/Tienda\/wp-json\/wp\/v2\/pages\/1174\/revisions\/17410"}],"wp:featuredmedia":[{"embeddable":true,"href":"https:\/\/mrled.mx\/Tienda\/wp-json\/wp\/v2\/media\/4"}],"wp:attachment":[{"href":"https:\/\/mrled.mx\/Tienda\/wp-json\/wp\/v2\/media?parent=1174"}],"curies":[{"name":"wp","href":"https:\/\/api.w.org\/{rel}","templated":true}]}}