{"id":1188,"date":"2016-11-17T09:43:57","date_gmt":"2016-11-17T15:43:57","guid":{"rendered":"https:\/\/mrled.mx\/Tienda\/?page_id=1188"},"modified":"2025-06-24T13:20:18","modified_gmt":"2025-06-24T19:20:18","slug":"terminos-y-condiciones","status":"publish","type":"page","link":"https:\/\/mrled.mx\/Tienda\/terminos-y-condiciones\/","title":{"rendered":"TERMINOS Y CONDICIONES"},"content":{"rendered":"\n<div style=\"height:20px\" aria-hidden=\"true\" class=\"wp-block-spacer\"><\/div>\n\n\n\n<p><span style=\"color: #000000;\"><strong>USO DE WWW.MRLED.MX&nbsp;<\/strong><\/span><\/p>\n\n\n\n<p><span style=\"color: #000000;\">Para realizar compras en www.mrled.mx es necesario contar con 18 a\u00f1os de edad o en su defecto contar con la autorizaci\u00f3n de quien ejerza patria potestad, guarda y custodia del usuario involucrado.<\/span><\/p>\n\n\n\n<p><span style=\"color: #000000;\"><strong>LAS COMUNICACIONES DEL USUARIO<\/strong><\/span><\/p>\n\n\n\n<p><span style=\"color: #000000;\">www.mrled.mx es propietario de cualquier dato que proporciones al sitio de manera voluntaria reserv\u00e1ndose el derecho de devolverlos salvo bajo orden judicial. Cualquier pregunta, cr\u00edtica, comentario y\/o sugerencia enviados a www.mrled, ser\u00e1n exclusivamente de nuestra propiedad y no ser\u00e1n devueltos salvo bajo orden judicial. Por \u00faltimo, en caso de utilizar informaci\u00f3n falsa para cualquiera de las acciones antes mencionadas har\u00e1 inv\u00e1lida la acci\u00f3n. En caso de infringir en el uso de informaci\u00f3n falsa para la difamaci\u00f3n del sitio, ser\u00e1 revocada la licencia de uso del titular de la cuenta real, cancelando as\u00ed cualquier pedido que hubiera realizado liber\u00e1ndonos de cualquier responsabilidad con el infractor.<\/span><\/p>\n\n\n\n<p><span style=\"color: #000000;\"><strong>PROTECCI\u00d3N DE DATOS&nbsp;<\/strong><\/span><\/p>\n\n\n\n<p><span style=\"color: #000000;\">Todos los datos proporcionados por e usuarios est\u00e1n protegidos por nuestro aviso de privacidad. Puedes consultarlo aqu\u00ed&nbsp;<a href=\"https:\/\/mrled.mx\/Tienda\/aviso-de-privacidad\/\">www.mrled.mx\/Tienda\/aviso-de-privacidad\/<\/a><\/span><\/p>\n\n\n\n<p><span style=\"color: #000000;\"><strong>APLICACI\u00d3N DE GARANT\u00cdA<\/strong><\/span><\/p>\n\n\n\n<p><span style=\"color: #000000;\">Todos nuestros productos cuentan con 1 mes de garant\u00eda, la cual es v\u00e1lida al ser usado el equipo en condiciones normales, para hacer valida la misma es necesario enviar el producto a nuestras instalaciones para ser revisado y en un lapso de 10 d\u00edas se le aplicara el cambio o reparaci\u00f3n seg\u00fan corresponda.<\/span><\/p>\n\n\n\n<p><span style=\"color: #000000;\"><strong>FACTURACI\u00d3N&nbsp;<\/strong><\/span><\/p>\n\n\n\n<p><span style=\"color: #000000;\">Los precios mostrados en el sitio incluyen IVA por lo que el usuario indicar\u00e1 en el formulario de registro si requiere factura, proporcionando &nbsp;los datos fiscales necesarios para la facturaci\u00f3n de su compra. Cualquier error en los datos de la factura ser\u00e1 responsabilidad del usuario y queda en el entendido que es su deber notificar de dicho error al equipo mrled.com para proceder con la facturaci\u00f3n en un plazo no mayor a 3 d\u00edas despu\u00e9s de recibida la factura, as\u00ed como queda bajo la responsabilidad del cliente la correcci\u00f3n de los datos en el formulario para futuras facturaciones.<\/span><\/p>\n\n\n\n<p><span style=\"color: #000000;\"><strong>DERECHOS DE AUTOR&nbsp;<\/strong><\/span><\/p>\n\n\n\n<p><span style=\"color: #000000;\">Todo el contenido alojado y expuesto en el sitio, como textos, gr\u00e1ficos, logotipos, iconos, im\u00e1genes, video, audio es propiedad exclusiva de mrled.com y est\u00e1 protegido por las leyes de propiedad intelectual.<\/span><\/p>\n\n\n\n<p><span style=\"color: #000000;\"><strong>ENV\u00cdOS&nbsp;<\/strong><\/span><\/p>\n\n\n\n<p><span style=\"color: #000000;\">Los env\u00edos se manejan por FEDEX y dependiendo de su localizaci\u00f3n el envi\u00f3 tarda 1-3 dias aproximadamente.<\/span><\/p>\n\n\n\n<p><span style=\"color: #000000;\">Los pedidos se procesan diariamente, si recibimos el pago y los datos completos del mismo antes de las 12:00 &nbsp;pm horas ser\u00e1n enviado ese mismo d\u00eda, en caso contrario ser\u00e1 enviado el d\u00eda h\u00e1bil siguiente.<\/span><\/p>\n\n\n\n<p>POLITICA DE DEVOLUCIONES <\/p>\n\n\n\n<p>En caso de cambio o devoluci\u00f3n el producto debe de regresarse en el mismo estado en el que se entreg\u00f3, en un plazo no mayor a 10 dias, limpio y no debe mostrar se\u00f1ales de uso. Una vez procesada y aprobada la devoluci\u00f3n y\/o cambio se reembolsar\u00e1 el monto correspondiente a los art\u00edculos devueltos a la cuenta bancaria que el cliente elija, descontando el costo del envi\u00f3 original.<span style=\"color: #000000;\"><strong><br><\/strong><\/span><\/p>\n\n\n\n<p><span style=\"color: #000000;\"><strong>CONTACTO:&nbsp;<\/strong><\/span><\/p>\n\n\n\n<p><span style=\"color: #000000;\">mr_led@outlook.com<\/span><\/p>\n","protected":false},"excerpt":{"rendered":"<p>USO DE WWW.MRLED.MX&nbsp; Para realizar compras en www.mrled.mx es necesario contar con 18 a\u00f1os de edad o en su defecto contar con la autorizaci\u00f3n de quien ejerza patria potestad, guarda y custodia del usuario involucrado. LAS COMUNICACIONES DEL USUARIO www.mrled.mx es propietario de cualquier dato que proporciones al sitio de manera voluntaria reserv\u00e1ndose el derecho&hellip;&nbsp;<a href=\"https:\/\/mrled.mx\/Tienda\/terminos-y-condiciones\/\" rel=\"bookmark\">Read More &raquo;<span class=\"screen-reader-text\">TERMINOS Y CONDICIONES<\/span><\/a><\/p>\n","protected":false},"author":2,"featured_media":4,"parent":0,"menu_order":0,"comment_status":"closed","ping_status":"closed","template":"","meta":{"neve_meta_sidebar":"","neve_meta_container":"","neve_meta_enable_content_width":"","neve_meta_content_width":0,"neve_meta_title_alignment":"","neve_meta_author_avatar":"","neve_post_elements_order":"","neve_meta_disable_header":"","neve_meta_disable_footer":"","neve_meta_disable_title":"off","neve_meta_reading_time":"","footnotes":""},"class_list":["post-1188","page","type-page","status-publish","has-post-thumbnail","hentry"],"yoast_head":"<!-- This site is optimized with the Yoast SEO plugin v27.6 - https:\/\/yoast.com\/product\/yoast-seo-wordpress\/ -->\n<title>T\u00e9rminos y condiciones de uso | Mr Led Tienda Online<\/title>\n<meta name=\"description\" content=\"T\u00e9rminos y condiciones de uso - Para realizar compras en www.mrled.mx es necesario contar con 18 a\u00f1os de edad o en su defecto contar con la autorizaci\u00f3n de\" \/>\n<meta name=\"robots\" content=\"index, follow, max-snippet:-1, max-image-preview:large, max-video-preview:-1\" \/>\n<link rel=\"canonical\" href=\"https:\/\/mrled.mx\/Tienda\/terminos-y-condiciones\/\" \/>\n<meta property=\"og:locale\" content=\"es_ES\" \/>\n<meta property=\"og:type\" content=\"article\" \/>\n<meta property=\"og:title\" content=\"T\u00e9rminos y condiciones de uso | Mr Led Tienda Online\" \/>\n<meta property=\"og:description\" content=\"T\u00e9rminos y condiciones de uso - Para realizar compras en www.mrled.mx es necesario contar con 18 a\u00f1os de edad o en su defecto contar con la autorizaci\u00f3n de quien\" \/>\n<meta property=\"og:url\" content=\"https:\/\/mrled.mx\/Tienda\/terminos-y-condiciones\/\" \/>\n<meta property=\"og:site_name\" content=\"Mr Led Tienda Online - Mr Led\" \/>\n<meta property=\"article:publisher\" content=\"https:\/\/www.facebook.com\/mrled.mx\/\" \/>\n<meta property=\"article:modified_time\" content=\"2025-06-24T19:20:18+00:00\" \/>\n<meta property=\"og:image\" content=\"https:\/\/mrled.mx\/Tienda\/wp-content\/uploads\/2016\/06\/mrled.png\" \/>\n\t<meta property=\"og:image:width\" content=\"709\" \/>\n\t<meta property=\"og:image:height\" content=\"312\" \/>\n\t<meta property=\"og:image:type\" content=\"image\/png\" \/>\n<meta name=\"twitter:card\" content=\"summary_large_image\" \/>\n<meta name=\"twitter:description\" content=\"T\u00e9rminos y condiciones de uso - Para realizar compras en www.mrled.mx es necesario contar con 18 a\u00f1os de edad o en su defecto contar con la autorizaci\u00f3n de quien\" \/>\n<meta name=\"twitter:image\" content=\"https:\/\/mrled.mx\/Tienda\/wp-content\/uploads\/2016\/06\/mrled.png\" \/>\n<meta name=\"twitter:label1\" content=\"Tiempo de lectura\" \/>\n\t<meta name=\"twitter:data1\" content=\"3 minutos\" \/>\n<script type=\"application\/ld+json\" class=\"yoast-schema-graph\">{\"@context\":\"https:\\\/\\\/schema.org\",\"@graph\":[{\"@type\":\"WebPage\",\"@id\":\"https:\\\/\\\/mrled.mx\\\/Tienda\\\/terminos-y-condiciones\\\/\",\"url\":\"https:\\\/\\\/mrled.mx\\\/Tienda\\\/terminos-y-condiciones\\\/\",\"name\":\"T\u00e9rminos y condiciones de uso | Mr Led Tienda Online\",\"isPartOf\":{\"@id\":\"https:\\\/\\\/mrled.mx\\\/Tienda\\\/#website\"},\"primaryImageOfPage\":{\"@id\":\"https:\\\/\\\/mrled.mx\\\/Tienda\\\/terminos-y-condiciones\\\/#primaryimage\"},\"image\":{\"@id\":\"https:\\\/\\\/mrled.mx\\\/Tienda\\\/terminos-y-condiciones\\\/#primaryimage\"},\"thumbnailUrl\":\"https:\\\/\\\/mrled.mx\\\/Tienda\\\/wp-content\\\/uploads\\\/2016\\\/06\\\/mrled.png\",\"datePublished\":\"2016-11-17T15:43:57+00:00\",\"dateModified\":\"2025-06-24T19:20:18+00:00\",\"description\":\"T\u00e9rminos y condiciones de uso - Para realizar compras en www.mrled.mx es necesario contar con 18 a\u00f1os de edad o en su defecto contar con la autorizaci\u00f3n de\",\"breadcrumb\":{\"@id\":\"https:\\\/\\\/mrled.mx\\\/Tienda\\\/terminos-y-condiciones\\\/#breadcrumb\"},\"inLanguage\":\"es\",\"potentialAction\":[{\"@type\":\"ReadAction\",\"target\":[\"https:\\\/\\\/mrled.mx\\\/Tienda\\\/terminos-y-condiciones\\\/\"]}]},{\"@type\":\"ImageObject\",\"inLanguage\":\"es\",\"@id\":\"https:\\\/\\\/mrled.mx\\\/Tienda\\\/terminos-y-condiciones\\\/#primaryimage\",\"url\":\"https:\\\/\\\/mrled.mx\\\/Tienda\\\/wp-content\\\/uploads\\\/2016\\\/06\\\/mrled.png\",\"contentUrl\":\"https:\\\/\\\/mrled.mx\\\/Tienda\\\/wp-content\\\/uploads\\\/2016\\\/06\\\/mrled.png\",\"width\":709,\"height\":312,\"caption\":\"Mr Led\"},{\"@type\":\"BreadcrumbList\",\"@id\":\"https:\\\/\\\/mrled.mx\\\/Tienda\\\/terminos-y-condiciones\\\/#breadcrumb\",\"itemListElement\":[{\"@type\":\"ListItem\",\"position\":1,\"name\":\"Portada\",\"item\":\"https:\\\/\\\/mrled.mx\\\/Tienda\\\/\"},{\"@type\":\"ListItem\",\"position\":2,\"name\":\"TERMINOS Y CONDICIONES\"}]},{\"@type\":\"WebSite\",\"@id\":\"https:\\\/\\\/mrled.mx\\\/Tienda\\\/#website\",\"url\":\"https:\\\/\\\/mrled.mx\\\/Tienda\\\/\",\"name\":\"Mr Led Tienda Online - Mr Led\",\"description\":\"Bienvenido a nuestro cat\u00e1logo de productos, Mr Led se pone a sus ordenes\",\"publisher\":{\"@id\":\"https:\\\/\\\/mrled.mx\\\/Tienda\\\/#organization\"},\"potentialAction\":[{\"@type\":\"SearchAction\",\"target\":{\"@type\":\"EntryPoint\",\"urlTemplate\":\"https:\\\/\\\/mrled.mx\\\/Tienda\\\/?s={search_term_string}\"},\"query-input\":{\"@type\":\"PropertyValueSpecification\",\"valueRequired\":true,\"valueName\":\"search_term_string\"}}],\"inLanguage\":\"es\"},{\"@type\":\"Organization\",\"@id\":\"https:\\\/\\\/mrled.mx\\\/Tienda\\\/#organization\",\"name\":\"MR LED\",\"url\":\"https:\\\/\\\/mrled.mx\\\/Tienda\\\/\",\"logo\":{\"@type\":\"ImageObject\",\"inLanguage\":\"es\",\"@id\":\"https:\\\/\\\/mrled.mx\\\/Tienda\\\/#\\\/schema\\\/logo\\\/image\\\/\",\"url\":\"https:\\\/\\\/mrled.mx\\\/Tienda\\\/wp-content\\\/uploads\\\/2018\\\/05\\\/mrled.png\",\"contentUrl\":\"https:\\\/\\\/mrled.mx\\\/Tienda\\\/wp-content\\\/uploads\\\/2018\\\/05\\\/mrled.png\",\"width\":709,\"height\":312,\"caption\":\"MR LED\"},\"image\":{\"@id\":\"https:\\\/\\\/mrled.mx\\\/Tienda\\\/#\\\/schema\\\/logo\\\/image\\\/\"},\"sameAs\":[\"https:\\\/\\\/www.facebook.com\\\/mrled.mx\\\/\",\"https:\\\/\\\/www.instagram.com\\\/mr_led_mx\\\/\",\"https:\\\/\\\/www.youtube.com\\\/channel\\\/UCbEm4slOc4Ay4j86mJbYPEw\"]}]}<\/script>\n<!-- \/ Yoast SEO plugin. -->","yoast_head_json":{"title":"T\u00e9rminos y condiciones de uso | Mr Led Tienda Online","description":"T\u00e9rminos y condiciones de uso - Para realizar compras en www.mrled.mx es necesario contar con 18 a\u00f1os de edad o en su defecto contar con la autorizaci\u00f3n de","robots":{"index":"index","follow":"follow","max-snippet":"max-snippet:-1","max-image-preview":"max-image-preview:large","max-video-preview":"max-video-preview:-1"},"canonical":"https:\/\/mrled.mx\/Tienda\/terminos-y-condiciones\/","og_locale":"es_ES","og_type":"article","og_title":"T\u00e9rminos y condiciones de uso | Mr Led Tienda Online","og_description":"T\u00e9rminos y condiciones de uso - Para realizar compras en www.mrled.mx es necesario contar con 18 a\u00f1os de edad o en su defecto contar con la autorizaci\u00f3n de quien","og_url":"https:\/\/mrled.mx\/Tienda\/terminos-y-condiciones\/","og_site_name":"Mr Led Tienda Online - Mr Led","article_publisher":"https:\/\/www.facebook.com\/mrled.mx\/","article_modified_time":"2025-06-24T19:20:18+00:00","og_image":[{"width":709,"height":312,"url":"https:\/\/mrled.mx\/Tienda\/wp-content\/uploads\/2016\/06\/mrled.png","type":"image\/png"}],"twitter_card":"summary_large_image","twitter_description":"T\u00e9rminos y condiciones de uso - Para realizar compras en www.mrled.mx es necesario contar con 18 a\u00f1os de edad o en su defecto contar con la autorizaci\u00f3n de quien","twitter_image":"https:\/\/mrled.mx\/Tienda\/wp-content\/uploads\/2016\/06\/mrled.png","twitter_misc":{"Tiempo de lectura":"3 minutos"},"schema":{"@context":"https:\/\/schema.org","@graph":[{"@type":"WebPage","@id":"https:\/\/mrled.mx\/Tienda\/terminos-y-condiciones\/","url":"https:\/\/mrled.mx\/Tienda\/terminos-y-condiciones\/","name":"T\u00e9rminos y condiciones de uso | Mr Led Tienda Online","isPartOf":{"@id":"https:\/\/mrled.mx\/Tienda\/#website"},"primaryImageOfPage":{"@id":"https:\/\/mrled.mx\/Tienda\/terminos-y-condiciones\/#primaryimage"},"image":{"@id":"https:\/\/mrled.mx\/Tienda\/terminos-y-condiciones\/#primaryimage"},"thumbnailUrl":"https:\/\/mrled.mx\/Tienda\/wp-content\/uploads\/2016\/06\/mrled.png","datePublished":"2016-11-17T15:43:57+00:00","dateModified":"2025-06-24T19:20:18+00:00","description":"T\u00e9rminos y condiciones de uso - Para realizar compras en www.mrled.mx es necesario contar con 18 a\u00f1os de edad o en su defecto contar con la autorizaci\u00f3n de","breadcrumb":{"@id":"https:\/\/mrled.mx\/Tienda\/terminos-y-condiciones\/#breadcrumb"},"inLanguage":"es","potentialAction":[{"@type":"ReadAction","target":["https:\/\/mrled.mx\/Tienda\/terminos-y-condiciones\/"]}]},{"@type":"ImageObject","inLanguage":"es","@id":"https:\/\/mrled.mx\/Tienda\/terminos-y-condiciones\/#primaryimage","url":"https:\/\/mrled.mx\/Tienda\/wp-content\/uploads\/2016\/06\/mrled.png","contentUrl":"https:\/\/mrled.mx\/Tienda\/wp-content\/uploads\/2016\/06\/mrled.png","width":709,"height":312,"caption":"Mr Led"},{"@type":"BreadcrumbList","@id":"https:\/\/mrled.mx\/Tienda\/terminos-y-condiciones\/#breadcrumb","itemListElement":[{"@type":"ListItem","position":1,"name":"Portada","item":"https:\/\/mrled.mx\/Tienda\/"},{"@type":"ListItem","position":2,"name":"TERMINOS Y CONDICIONES"}]},{"@type":"WebSite","@id":"https:\/\/mrled.mx\/Tienda\/#website","url":"https:\/\/mrled.mx\/Tienda\/","name":"Mr Led Tienda Online - Mr Led","description":"Bienvenido a nuestro cat\u00e1logo de productos, Mr Led se pone a sus ordenes","publisher":{"@id":"https:\/\/mrled.mx\/Tienda\/#organization"},"potentialAction":[{"@type":"SearchAction","target":{"@type":"EntryPoint","urlTemplate":"https:\/\/mrled.mx\/Tienda\/?s={search_term_string}"},"query-input":{"@type":"PropertyValueSpecification","valueRequired":true,"valueName":"search_term_string"}}],"inLanguage":"es"},{"@type":"Organization","@id":"https:\/\/mrled.mx\/Tienda\/#organization","name":"MR LED","url":"https:\/\/mrled.mx\/Tienda\/","logo":{"@type":"ImageObject","inLanguage":"es","@id":"https:\/\/mrled.mx\/Tienda\/#\/schema\/logo\/image\/","url":"https:\/\/mrled.mx\/Tienda\/wp-content\/uploads\/2018\/05\/mrled.png","contentUrl":"https:\/\/mrled.mx\/Tienda\/wp-content\/uploads\/2018\/05\/mrled.png","width":709,"height":312,"caption":"MR LED"},"image":{"@id":"https:\/\/mrled.mx\/Tienda\/#\/schema\/logo\/image\/"},"sameAs":["https:\/\/www.facebook.com\/mrled.mx\/","https:\/\/www.instagram.com\/mr_led_mx\/","https:\/\/www.youtube.com\/channel\/UCbEm4slOc4Ay4j86mJbYPEw"]}]}},"_links":{"self":[{"href":"https:\/\/mrled.mx\/Tienda\/wp-json\/wp\/v2\/pages\/1188","targetHints":{"allow":["GET"]}}],"collection":[{"href":"https:\/\/mrled.mx\/Tienda\/wp-json\/wp\/v2\/pages"}],"about":[{"href":"https:\/\/mrled.mx\/Tienda\/wp-json\/wp\/v2\/types\/page"}],"author":[{"embeddable":true,"href":"https:\/\/mrled.mx\/Tienda\/wp-json\/wp\/v2\/users\/2"}],"replies":[{"embeddable":true,"href":"https:\/\/mrled.mx\/Tienda\/wp-json\/wp\/v2\/comments?post=1188"}],"version-history":[{"count":29,"href":"https:\/\/mrled.mx\/Tienda\/wp-json\/wp\/v2\/pages\/1188\/revisions"}],"predecessor-version":[{"id":17434,"href":"https:\/\/mrled.mx\/Tienda\/wp-json\/wp\/v2\/pages\/1188\/revisions\/17434"}],"wp:featuredmedia":[{"embeddable":true,"href":"https:\/\/mrled.mx\/Tienda\/wp-json\/wp\/v2\/media\/4"}],"wp:attachment":[{"href":"https:\/\/mrled.mx\/Tienda\/wp-json\/wp\/v2\/media?parent=1188"}],"curies":[{"name":"wp","href":"https:\/\/api.w.org\/{rel}","templated":true}]}}