{"id":1199,"date":"2016-11-17T09:57:04","date_gmt":"2016-11-17T15:57:04","guid":{"rendered":"https:\/\/mrled.mx\/Tienda\/?page_id=1199"},"modified":"2022-03-07T16:30:23","modified_gmt":"2022-03-07T22:30:23","slug":"aviso-de-privacidad","status":"publish","type":"page","link":"https:\/\/mrled.mx\/Tienda\/aviso-de-privacidad\/","title":{"rendered":"AVISO DE PRIVACIDAD"},"content":{"rendered":"\n<div style=\"height:20px\" aria-hidden=\"true\" class=\"wp-block-spacer\"><\/div>\n\n\n\n<p><span style=\"color: #000000;\">El presente aviso de privacidad emitido por Mister Led. y\/o sus empresas afiliadas y el titular de la informaci\u00f3n establecen la manera en que ser\u00e1 manejada su informaci\u00f3n por Mister Led. y\/o sus empresas afiliadas, as\u00ed como la finalidad para la que fue recabada, de conformidad con lo previsto en los Art\u00edculos 15, 16 y dem\u00e1s aplicables de la Ley Federal de Protecci\u00f3n de Datos Personales en Posesi\u00f3n de Particulares, sus modificaciones, adecuaciones y\/u otras legislaciones aplicables o conexas (la \u00abLey\u00bb).&nbsp;<\/span><\/p>\n\n\n\n<p><span style=\"color: #000000;\">Mister Led y\/o sus empresas afiliadas respeta el derecho a la privacidad y protecci\u00f3n de datos personales, los cuales est\u00e1n amparados bajo la Ley. La base de datos en donde va a ser almacenada la informaci\u00f3n que sea recabada es y ser\u00e1 responsabilidad de su almacenamiento y vigilancia por Mister Led, asimismo la informaci\u00f3n se encuentra debidamente resguardada conforme a las disposiciones de seguridad administrativa, t\u00e9cnica, f\u00edsica y dem\u00e1s cuidados que son establecidos en la Ley de la materia, para protegerla de posibles da\u00f1os, p\u00e9rdidas, alteraci\u00f3n y\/o acceso no autorizado.<\/span><\/p>\n\n\n\n<p><span style=\"color: #000000;\">Con el objetivo de que usted tenga pleno control y decisi\u00f3n sobre sus datos personales, recomendamos leer la siguiente informaci\u00f3n. Usted tendr\u00e1 disponible en todo momento este Aviso de Privacidad en nuestra p\u00e1gina de Internet: <a href=\"https:\/\/mrled.mx\/\">http:\/\/www.mrled.mx<\/a>&nbsp;<\/span><\/p>\n\n\n\n<p><span style=\"color: #000000;\">Se entender\u00e1 que usted como titular consiente t\u00e1citamente el tratamiento de sus datos, a partir de este momento y\/o cuando habi\u00e9ndose puesto a su disposici\u00f3n este Aviso de Privacidad no manifieste su oposici\u00f3n en un plazo no mayor a 24 horas.<\/span><\/p>\n\n\n\n<p><span style=\"color: #000000;\">Los datos personales e informaci\u00f3n recibida ser\u00e1n utilizados por Mister Led y\/o sus empresas afiliadas y quedar\u00e1n registrados en la base de datos de Mister Led, as\u00ed como cualquier otra informaci\u00f3n personal, sensible o de cualquier otra \u00edndole, siempre cumpliendo con lo establecido en la Ley y su reglamentaci\u00f3n respecto al tipo de informaci\u00f3n.<\/span><\/p>\n\n\n\n<p><span style=\"color: #000000;\">Los datos personales recabados o que se recaban podr\u00e1n incluir, entre otros, los siguientes: Nombre completo, tel\u00e9fono, correo electr\u00f3nico, compa\u00f1\u00eda o entidad, puesto, ciudad o estado y de m\u00e1s datos que de manera extraordinaria puedan ser proporcionados por usted (los \u00abDatos Personales\u00bb).<\/span><br><span style=\"color: #000000;\"> Los Datos Personales que pueden haber sido obtenidos de usted, ya sea personalmente o por cualquier medio electr\u00f3nico, \u00f3ptico, sonoro, visual, y\/o a trav\u00e9s de cualquier otra tecnolog\u00eda, no ser\u00e1n divulgados total o parcialmente.<\/span><\/p>\n\n\n\n<p><span style=\"color: #000000;\">Es posible que Mister Led y\/o sus empresas afiliadas, se vean obligados a divulgar sus datos de car\u00e1cter personal por acto o resoluci\u00f3n judicial o mandamiento de Ley, en el marco de un procedimiento judicial y\/o por requerimiento de una autoridad gubernamental, tanto dentro como fuera de M\u00e9xico. Asimismo, podremos divulgar informaci\u00f3n acerca de usted si consideramos que dicha divulgaci\u00f3n es necesaria o conveniente por razones de seguridad nacional, para cumplir la legislaci\u00f3n vigente o por cualesquiera otros motivos importantes de orden p\u00fablico o privado en donde Mister Led tenga jurisdicci\u00f3n.<\/span><\/p>\n\n\n\n<p><span style=\"color: #000000;\">Tambi\u00e9n podremos divulgar informaci\u00f3n relativa a usted si determinamos que dicho acto es razonablemente necesario para velar por el cumplimiento de nuestros t\u00e9rminos y condiciones y\/o proteger nuestras operaciones y\/o a nuestros usuarios y\/o accionistas, funcionarios y\/o apoderados. Adicionalmente, en caso de reestructura, fusi\u00f3n, escisi\u00f3n o venta, podremos transferir al tercero correspondiente todos aquellos datos de car\u00e1cter personal que hayamos recabado.<\/span><\/p>\n\n\n\n<p><span style=\"color: #000000;\">El Departamento de Relaciones Laborales y Asuntos Corporativos, ser\u00e1 responsable del cumplimiento a lo previsto en la Ley. Si usted lo requiere, le agradeceremos comunicarse al 01 222 2343986, o bien al correo electr\u00f3nico mr_led@outlook.com<\/span><\/p>\n\n\n\n<p><span style=\"color: #000000;\">Nos reservamos el derecho de efectuar en cualquier momento cambios o modificaciones al presente Aviso de Privacidad, ya sea para la atenci\u00f3n de actualizaciones legislativas, regulatorias o jurisprudenciales, pol\u00edticas internas, pr\u00e1cticas del mercado, uso, costumbre o por cualquier otra raz\u00f3n, siempre y cuando se ajusten a los requerimientos de la Ley.<\/span><\/p>\n\n\n\n<p><span style=\"color: #000000;\">Cualquier cambio que se realice a este Aviso de Privacidad, ser\u00e1 incorporado al mismo por las personas responsables y ser\u00e1 dado a conocer a trav\u00e9s de la p\u00e1gina de Internet: <a href=\"https:\/\/mrled.mx\/\">https:\/\/mrled.mx\/<\/a><\/span><\/p>\n","protected":false},"excerpt":{"rendered":"<p>El presente aviso de privacidad emitido por Mister Led. y\/o sus empresas afiliadas y el titular de la informaci\u00f3n establecen la manera en que ser\u00e1 manejada su informaci\u00f3n por Mister Led. y\/o sus empresas afiliadas, as\u00ed como la finalidad para la que fue recabada, de conformidad con lo previsto en los Art\u00edculos 15, 16 y&hellip;&nbsp;<a href=\"https:\/\/mrled.mx\/Tienda\/aviso-de-privacidad\/\" rel=\"bookmark\">Read More &raquo;<span class=\"screen-reader-text\">AVISO DE PRIVACIDAD<\/span><\/a><\/p>\n","protected":false},"author":2,"featured_media":4,"parent":0,"menu_order":0,"comment_status":"closed","ping_status":"closed","template":"","meta":{"neve_meta_sidebar":"","neve_meta_container":"","neve_meta_enable_content_width":"","neve_meta_content_width":0,"neve_meta_title_alignment":"","neve_meta_author_avatar":"","neve_post_elements_order":"","neve_meta_disable_header":"","neve_meta_disable_footer":"","neve_meta_disable_title":"off","neve_meta_reading_time":"","footnotes":""},"class_list":["post-1199","page","type-page","status-publish","has-post-thumbnail","hentry"],"yoast_head":"<!-- This site is optimized with the Yoast SEO plugin v27.6 - https:\/\/yoast.com\/product\/yoast-seo-wordpress\/ -->\n<title>AVISO DE PRIVACIDAD - Mr Led Tienda Online - Mr Led<\/title>\n<meta name=\"description\" content=\"El presente aviso de privacidad emitido por Mister Led. y\/o sus empresas afiliadas y el titular de la informaci\u00f3n establecen la manera en que ser\u00e1 manejada\" \/>\n<meta name=\"robots\" content=\"index, follow, max-snippet:-1, max-image-preview:large, max-video-preview:-1\" \/>\n<link rel=\"canonical\" href=\"https:\/\/mrled.mx\/Tienda\/aviso-de-privacidad\/\" \/>\n<meta property=\"og:locale\" content=\"es_ES\" \/>\n<meta property=\"og:type\" content=\"article\" \/>\n<meta property=\"og:title\" content=\"AVISO DE PRIVACIDAD - Mr Led Tienda Online - Mr Led\" \/>\n<meta property=\"og:description\" content=\"El presente aviso de privacidad emitido por Mister Led. y\/o sus empresas afiliadas y el titular de la informaci\u00f3n establecen la manera en que ser\u00e1 manejada su\" \/>\n<meta property=\"og:url\" content=\"https:\/\/mrled.mx\/Tienda\/aviso-de-privacidad\/\" \/>\n<meta property=\"og:site_name\" content=\"Mr Led Tienda Online - Mr Led\" \/>\n<meta property=\"article:publisher\" content=\"https:\/\/www.facebook.com\/mrled.mx\/\" \/>\n<meta property=\"article:modified_time\" content=\"2022-03-07T22:30:23+00:00\" \/>\n<meta property=\"og:image\" content=\"https:\/\/mrled.mx\/Tienda\/wp-content\/uploads\/2016\/06\/mrled.png\" \/>\n\t<meta property=\"og:image:width\" content=\"709\" \/>\n\t<meta property=\"og:image:height\" content=\"312\" \/>\n\t<meta property=\"og:image:type\" content=\"image\/png\" \/>\n<meta name=\"twitter:card\" content=\"summary_large_image\" \/>\n<meta name=\"twitter:description\" content=\"El presente aviso de privacidad emitido por Mister Led. y\/o sus empresas afiliadas y el titular de la informaci\u00f3n establecen la manera en que ser\u00e1 manejada su\" \/>\n<meta name=\"twitter:image\" content=\"https:\/\/mrled.mx\/Tienda\/wp-content\/uploads\/2016\/06\/mrled.png\" \/>\n<meta name=\"twitter:label1\" content=\"Tiempo de lectura\" \/>\n\t<meta name=\"twitter:data1\" content=\"3 minutos\" \/>\n<script type=\"application\/ld+json\" class=\"yoast-schema-graph\">{\"@context\":\"https:\\\/\\\/schema.org\",\"@graph\":[{\"@type\":\"WebPage\",\"@id\":\"https:\\\/\\\/mrled.mx\\\/Tienda\\\/aviso-de-privacidad\\\/\",\"url\":\"https:\\\/\\\/mrled.mx\\\/Tienda\\\/aviso-de-privacidad\\\/\",\"name\":\"AVISO DE PRIVACIDAD - Mr Led Tienda Online - Mr Led\",\"isPartOf\":{\"@id\":\"https:\\\/\\\/mrled.mx\\\/Tienda\\\/#website\"},\"primaryImageOfPage\":{\"@id\":\"https:\\\/\\\/mrled.mx\\\/Tienda\\\/aviso-de-privacidad\\\/#primaryimage\"},\"image\":{\"@id\":\"https:\\\/\\\/mrled.mx\\\/Tienda\\\/aviso-de-privacidad\\\/#primaryimage\"},\"thumbnailUrl\":\"https:\\\/\\\/mrled.mx\\\/Tienda\\\/wp-content\\\/uploads\\\/2016\\\/06\\\/mrled.png\",\"datePublished\":\"2016-11-17T15:57:04+00:00\",\"dateModified\":\"2022-03-07T22:30:23+00:00\",\"description\":\"El presente aviso de privacidad emitido por Mister Led. y\\\/o sus empresas afiliadas y el titular de la informaci\u00f3n establecen la manera en que ser\u00e1 manejada\",\"breadcrumb\":{\"@id\":\"https:\\\/\\\/mrled.mx\\\/Tienda\\\/aviso-de-privacidad\\\/#breadcrumb\"},\"inLanguage\":\"es\",\"potentialAction\":[{\"@type\":\"ReadAction\",\"target\":[\"https:\\\/\\\/mrled.mx\\\/Tienda\\\/aviso-de-privacidad\\\/\"]}]},{\"@type\":\"ImageObject\",\"inLanguage\":\"es\",\"@id\":\"https:\\\/\\\/mrled.mx\\\/Tienda\\\/aviso-de-privacidad\\\/#primaryimage\",\"url\":\"https:\\\/\\\/mrled.mx\\\/Tienda\\\/wp-content\\\/uploads\\\/2016\\\/06\\\/mrled.png\",\"contentUrl\":\"https:\\\/\\\/mrled.mx\\\/Tienda\\\/wp-content\\\/uploads\\\/2016\\\/06\\\/mrled.png\",\"width\":709,\"height\":312,\"caption\":\"Mr Led\"},{\"@type\":\"BreadcrumbList\",\"@id\":\"https:\\\/\\\/mrled.mx\\\/Tienda\\\/aviso-de-privacidad\\\/#breadcrumb\",\"itemListElement\":[{\"@type\":\"ListItem\",\"position\":1,\"name\":\"Portada\",\"item\":\"https:\\\/\\\/mrled.mx\\\/Tienda\\\/\"},{\"@type\":\"ListItem\",\"position\":2,\"name\":\"AVISO DE PRIVACIDAD\"}]},{\"@type\":\"WebSite\",\"@id\":\"https:\\\/\\\/mrled.mx\\\/Tienda\\\/#website\",\"url\":\"https:\\\/\\\/mrled.mx\\\/Tienda\\\/\",\"name\":\"Mr Led Tienda Online - Mr Led\",\"description\":\"Bienvenido a nuestro cat\u00e1logo de productos, Mr Led se pone a sus ordenes\",\"publisher\":{\"@id\":\"https:\\\/\\\/mrled.mx\\\/Tienda\\\/#organization\"},\"potentialAction\":[{\"@type\":\"SearchAction\",\"target\":{\"@type\":\"EntryPoint\",\"urlTemplate\":\"https:\\\/\\\/mrled.mx\\\/Tienda\\\/?s={search_term_string}\"},\"query-input\":{\"@type\":\"PropertyValueSpecification\",\"valueRequired\":true,\"valueName\":\"search_term_string\"}}],\"inLanguage\":\"es\"},{\"@type\":\"Organization\",\"@id\":\"https:\\\/\\\/mrled.mx\\\/Tienda\\\/#organization\",\"name\":\"MR LED\",\"url\":\"https:\\\/\\\/mrled.mx\\\/Tienda\\\/\",\"logo\":{\"@type\":\"ImageObject\",\"inLanguage\":\"es\",\"@id\":\"https:\\\/\\\/mrled.mx\\\/Tienda\\\/#\\\/schema\\\/logo\\\/image\\\/\",\"url\":\"https:\\\/\\\/mrled.mx\\\/Tienda\\\/wp-content\\\/uploads\\\/2018\\\/05\\\/mrled.png\",\"contentUrl\":\"https:\\\/\\\/mrled.mx\\\/Tienda\\\/wp-content\\\/uploads\\\/2018\\\/05\\\/mrled.png\",\"width\":709,\"height\":312,\"caption\":\"MR LED\"},\"image\":{\"@id\":\"https:\\\/\\\/mrled.mx\\\/Tienda\\\/#\\\/schema\\\/logo\\\/image\\\/\"},\"sameAs\":[\"https:\\\/\\\/www.facebook.com\\\/mrled.mx\\\/\",\"https:\\\/\\\/www.instagram.com\\\/mr_led_mx\\\/\",\"https:\\\/\\\/www.youtube.com\\\/channel\\\/UCbEm4slOc4Ay4j86mJbYPEw\"]}]}<\/script>\n<!-- \/ Yoast SEO plugin. -->","yoast_head_json":{"title":"AVISO DE PRIVACIDAD - Mr Led Tienda Online - Mr Led","description":"El presente aviso de privacidad emitido por Mister Led. y\/o sus empresas afiliadas y el titular de la informaci\u00f3n establecen la manera en que ser\u00e1 manejada","robots":{"index":"index","follow":"follow","max-snippet":"max-snippet:-1","max-image-preview":"max-image-preview:large","max-video-preview":"max-video-preview:-1"},"canonical":"https:\/\/mrled.mx\/Tienda\/aviso-de-privacidad\/","og_locale":"es_ES","og_type":"article","og_title":"AVISO DE PRIVACIDAD - Mr Led Tienda Online - Mr Led","og_description":"El presente aviso de privacidad emitido por Mister Led. y\/o sus empresas afiliadas y el titular de la informaci\u00f3n establecen la manera en que ser\u00e1 manejada su","og_url":"https:\/\/mrled.mx\/Tienda\/aviso-de-privacidad\/","og_site_name":"Mr Led Tienda Online - Mr Led","article_publisher":"https:\/\/www.facebook.com\/mrled.mx\/","article_modified_time":"2022-03-07T22:30:23+00:00","og_image":[{"width":709,"height":312,"url":"https:\/\/mrled.mx\/Tienda\/wp-content\/uploads\/2016\/06\/mrled.png","type":"image\/png"}],"twitter_card":"summary_large_image","twitter_description":"El presente aviso de privacidad emitido por Mister Led. y\/o sus empresas afiliadas y el titular de la informaci\u00f3n establecen la manera en que ser\u00e1 manejada su","twitter_image":"https:\/\/mrled.mx\/Tienda\/wp-content\/uploads\/2016\/06\/mrled.png","twitter_misc":{"Tiempo de lectura":"3 minutos"},"schema":{"@context":"https:\/\/schema.org","@graph":[{"@type":"WebPage","@id":"https:\/\/mrled.mx\/Tienda\/aviso-de-privacidad\/","url":"https:\/\/mrled.mx\/Tienda\/aviso-de-privacidad\/","name":"AVISO DE PRIVACIDAD - Mr Led Tienda Online - Mr Led","isPartOf":{"@id":"https:\/\/mrled.mx\/Tienda\/#website"},"primaryImageOfPage":{"@id":"https:\/\/mrled.mx\/Tienda\/aviso-de-privacidad\/#primaryimage"},"image":{"@id":"https:\/\/mrled.mx\/Tienda\/aviso-de-privacidad\/#primaryimage"},"thumbnailUrl":"https:\/\/mrled.mx\/Tienda\/wp-content\/uploads\/2016\/06\/mrled.png","datePublished":"2016-11-17T15:57:04+00:00","dateModified":"2022-03-07T22:30:23+00:00","description":"El presente aviso de privacidad emitido por Mister Led. y\/o sus empresas afiliadas y el titular de la informaci\u00f3n establecen la manera en que ser\u00e1 manejada","breadcrumb":{"@id":"https:\/\/mrled.mx\/Tienda\/aviso-de-privacidad\/#breadcrumb"},"inLanguage":"es","potentialAction":[{"@type":"ReadAction","target":["https:\/\/mrled.mx\/Tienda\/aviso-de-privacidad\/"]}]},{"@type":"ImageObject","inLanguage":"es","@id":"https:\/\/mrled.mx\/Tienda\/aviso-de-privacidad\/#primaryimage","url":"https:\/\/mrled.mx\/Tienda\/wp-content\/uploads\/2016\/06\/mrled.png","contentUrl":"https:\/\/mrled.mx\/Tienda\/wp-content\/uploads\/2016\/06\/mrled.png","width":709,"height":312,"caption":"Mr Led"},{"@type":"BreadcrumbList","@id":"https:\/\/mrled.mx\/Tienda\/aviso-de-privacidad\/#breadcrumb","itemListElement":[{"@type":"ListItem","position":1,"name":"Portada","item":"https:\/\/mrled.mx\/Tienda\/"},{"@type":"ListItem","position":2,"name":"AVISO DE PRIVACIDAD"}]},{"@type":"WebSite","@id":"https:\/\/mrled.mx\/Tienda\/#website","url":"https:\/\/mrled.mx\/Tienda\/","name":"Mr Led Tienda Online - Mr Led","description":"Bienvenido a nuestro cat\u00e1logo de productos, Mr Led se pone a sus ordenes","publisher":{"@id":"https:\/\/mrled.mx\/Tienda\/#organization"},"potentialAction":[{"@type":"SearchAction","target":{"@type":"EntryPoint","urlTemplate":"https:\/\/mrled.mx\/Tienda\/?s={search_term_string}"},"query-input":{"@type":"PropertyValueSpecification","valueRequired":true,"valueName":"search_term_string"}}],"inLanguage":"es"},{"@type":"Organization","@id":"https:\/\/mrled.mx\/Tienda\/#organization","name":"MR LED","url":"https:\/\/mrled.mx\/Tienda\/","logo":{"@type":"ImageObject","inLanguage":"es","@id":"https:\/\/mrled.mx\/Tienda\/#\/schema\/logo\/image\/","url":"https:\/\/mrled.mx\/Tienda\/wp-content\/uploads\/2018\/05\/mrled.png","contentUrl":"https:\/\/mrled.mx\/Tienda\/wp-content\/uploads\/2018\/05\/mrled.png","width":709,"height":312,"caption":"MR LED"},"image":{"@id":"https:\/\/mrled.mx\/Tienda\/#\/schema\/logo\/image\/"},"sameAs":["https:\/\/www.facebook.com\/mrled.mx\/","https:\/\/www.instagram.com\/mr_led_mx\/","https:\/\/www.youtube.com\/channel\/UCbEm4slOc4Ay4j86mJbYPEw"]}]}},"_links":{"self":[{"href":"https:\/\/mrled.mx\/Tienda\/wp-json\/wp\/v2\/pages\/1199","targetHints":{"allow":["GET"]}}],"collection":[{"href":"https:\/\/mrled.mx\/Tienda\/wp-json\/wp\/v2\/pages"}],"about":[{"href":"https:\/\/mrled.mx\/Tienda\/wp-json\/wp\/v2\/types\/page"}],"author":[{"embeddable":true,"href":"https:\/\/mrled.mx\/Tienda\/wp-json\/wp\/v2\/users\/2"}],"replies":[{"embeddable":true,"href":"https:\/\/mrled.mx\/Tienda\/wp-json\/wp\/v2\/comments?post=1199"}],"version-history":[{"count":21,"href":"https:\/\/mrled.mx\/Tienda\/wp-json\/wp\/v2\/pages\/1199\/revisions"}],"predecessor-version":[{"id":15705,"href":"https:\/\/mrled.mx\/Tienda\/wp-json\/wp\/v2\/pages\/1199\/revisions\/15705"}],"wp:featuredmedia":[{"embeddable":true,"href":"https:\/\/mrled.mx\/Tienda\/wp-json\/wp\/v2\/media\/4"}],"wp:attachment":[{"href":"https:\/\/mrled.mx\/Tienda\/wp-json\/wp\/v2\/media?parent=1199"}],"curies":[{"name":"wp","href":"https:\/\/api.w.org\/{rel}","templated":true}]}}