{"id":1489,"date":"2017-02-09T12:47:50","date_gmt":"2017-02-09T18:47:50","guid":{"rendered":"https:\/\/mrled.mx\/Tienda\/?page_id=1489"},"modified":"2022-03-10T11:08:07","modified_gmt":"2022-03-10T17:08:07","slug":"preguntas-frecuentes","status":"publish","type":"page","link":"https:\/\/mrled.mx\/Tienda\/preguntas-frecuentes\/","title":{"rendered":"PREGUNTAS FRECUENTES"},"content":{"rendered":"\n<div style=\"height:20px\" aria-hidden=\"true\" class=\"wp-block-spacer\"><\/div>\n\n\n\n<div style=\"height:20px\" aria-hidden=\"true\" class=\"wp-block-spacer\"><\/div>\n\n\n\n<p><span style=\"color: #000000;\"><strong>\u00bfD\u00f3nde est\u00e1n ubicados?<\/strong><\/span><\/p>\n\n\n\n<p><strong><span style=\"color: #000000;\">E<\/span><\/strong><span style=\"color: #000000;\"><em>stamos ubicados en la ciudad de Puebla, Puebla.<\/em><\/span><\/p>\n\n\n\n<p><span style=\"color: #000000;\"><strong>\u00bfQu\u00e9 m\u00e9todo de pago aceptan?<\/strong><\/span><\/p>\n\n\n\n<p><span style=\"color: #000000;\"><em>Aceptamos pago v\u00eda paypal, dep\u00f3sito bancario, transferencia y pago en oxxo.<\/em><\/span><\/p>\n\n\n\n<p><span style=\"color: #000000;\">\u00bfP<strong>uedo pagar al recoger los productos?<\/strong><\/span><\/p>\n\n\n\n<p><em><span style=\"color: #000000;\">Claro, puede<\/span>s pagar en nuestras instalaciones<\/em><\/p>\n\n\n\n<p><span style=\"color: #000000;\"><strong>\u00bfTienen los productos en existencia?<\/strong><\/span><\/p>\n\n\n\n<p><strong><em><span style=\"color: #000000;\">Tratamos de tener todo en stock, si alg\u00fan producto se agota aparecer\u00e1 temporalmente <\/span><\/em><\/strong><span style=\"color: #000000;\"><em>con la\u00a0leyenda \u201cagotado\u201d hasta que sea resurtido.<\/em><\/span><\/p>\n\n\n\n<p><span style=\"color: #000000;\">\u00bfQ<strong>u\u00e9 compa\u00f1\u00eda de env\u00edos utilizan?<\/strong><\/span><\/p>\n\n\n\n<p><strong><span style=\"color: #000000;\">E<\/span><\/strong><span style=\"color: #000000;\"><em>nviamos por FEDEX.<\/em><\/span><\/p>\n\n\n\n<p><span style=\"color: #000000;\"><strong>\u00bfC\u00f3mo aplico para el envi\u00f3 gratis?<\/strong><\/span><\/p>\n\n\n\n<p><span style=\"color: #000000;\"><em>Se enviaran gratuitamente todos los pedidos cuyo costo total sea de $1501 o mayor.<\/em><\/span><\/p>\n\n\n\n<p><span style=\"color: #000000;\"><strong>\u00bfCu\u00e1nto tiempo tardan los env\u00edos?<\/strong><\/span><\/p>\n\n\n\n<p><span style=\"color: #000000;\"><em>Aproximadamente de 1 a 3\u00a0d\u00edas\u00a0h\u00e1biles.<\/em><\/span><\/p>\n\n\n\n<p><span style=\"color: #000000;\"><strong>\u00bfCu\u00e1nto tiempo de garant\u00eda tienen los productos?<\/strong><\/span><\/p>\n\n\n\n<p><span style=\"color: #000000;\"><em>Los productos cuentan con un tiempo de garant\u00eda de 4 meses a partir de la fecha de entrega.<\/em><\/span><\/p>\n\n\n\n<p><span style=\"color: #000000;\">\u00bf<strong>Venden por mayoreo?<\/strong><\/span><\/p>\n\n\n\n<p><span style=\"color: #000000;\"><em>Nuestro principal mercado es la venta al consumidor final, sin embargo tenemos la capacidad de\u00a0surtir a empresas que requieran un alto volumen de productos para lo cual puede contactarnos\u00a0directamente para analizar el descuento que le podemos ofrecer.<\/em><\/span><\/p>\n\n\n\n<p><span style=\"color: #000000;\">\u00bfD<strong>eseo un producto que no est\u00e1 en su cat\u00e1logo, lo pueden conseguir?<\/strong><\/span><\/p>\n\n\n\n<p><span style=\"color: #000000;\"><em>Por el momento \u00fanicamente manejamos los art\u00edculos que aparecen publicados en la p\u00e1gina.<\/em><\/span><\/p>\n\n\n\n<p><span style=\"color: #000000;\">\u00bfTie<strong>nen distribuidores autorizados?<\/strong><\/span><\/p>\n\n\n\n<p><span style=\"color: #000000;\"><em>NO, no tenemos, puedes generar pedidos desde nuestra web o contactarnos directamente.<\/em><\/span><\/p>\n","protected":false},"excerpt":{"rendered":"<p>\u00bfD\u00f3nde est\u00e1n ubicados? Estamos ubicados en la ciudad de Puebla, Puebla. \u00bfQu\u00e9 m\u00e9todo de pago aceptan? Aceptamos pago v\u00eda paypal, dep\u00f3sito bancario, transferencia y pago en oxxo. \u00bfPuedo pagar al recoger los productos? Claro, puedes pagar en nuestras instalaciones \u00bfTienen los productos en existencia? Tratamos de tener todo en stock, si alg\u00fan producto se agota&hellip;&nbsp;<a href=\"https:\/\/mrled.mx\/Tienda\/preguntas-frecuentes\/\" rel=\"bookmark\">Read More &raquo;<span class=\"screen-reader-text\">PREGUNTAS FRECUENTES<\/span><\/a><\/p>\n","protected":false},"author":2,"featured_media":0,"parent":0,"menu_order":0,"comment_status":"closed","ping_status":"closed","template":"","meta":{"neve_meta_sidebar":"","neve_meta_container":"","neve_meta_enable_content_width":"","neve_meta_content_width":0,"neve_meta_title_alignment":"","neve_meta_author_avatar":"","neve_post_elements_order":"","neve_meta_disable_header":"","neve_meta_disable_footer":"","neve_meta_disable_title":"off","neve_meta_reading_time":"","footnotes":""},"class_list":["post-1489","page","type-page","status-publish","hentry"],"yoast_head":"<!-- This site is optimized with the Yoast SEO plugin v27.6 - https:\/\/yoast.com\/product\/yoast-seo-wordpress\/ -->\n<title>PREGUNTAS FRECUENTES - Mr Led Tienda Online - Mr Led<\/title>\n<meta name=\"robots\" content=\"index, follow, max-snippet:-1, max-image-preview:large, max-video-preview:-1\" \/>\n<link rel=\"canonical\" href=\"https:\/\/mrled.mx\/Tienda\/preguntas-frecuentes\/\" \/>\n<meta property=\"og:locale\" content=\"es_ES\" \/>\n<meta property=\"og:type\" content=\"article\" \/>\n<meta property=\"og:title\" content=\"PREGUNTAS FRECUENTES - Mr Led Tienda Online - Mr Led\" \/>\n<meta property=\"og:description\" content=\"\u00bfD\u00f3nde est\u00e1n ubicados? Estamos ubicados en la ciudad de Puebla, Puebla. \u00bfQu\u00e9 m\u00e9todo de pago aceptan? Aceptamos pago v\u00eda paypal, dep\u00f3sito bancario, transferencia y pago en oxxo. \u00bfPuedo pagar al recoger los productos? Claro, puedes pagar en nuestras instalaciones \u00bfTienen los productos en existencia? Tratamos de tener todo en stock, si alg\u00fan producto se agota&hellip;&nbsp;Read More &raquo;PREGUNTAS FRECUENTES\" \/>\n<meta property=\"og:url\" content=\"https:\/\/mrled.mx\/Tienda\/preguntas-frecuentes\/\" \/>\n<meta property=\"og:site_name\" content=\"Mr Led Tienda Online - Mr Led\" \/>\n<meta property=\"article:publisher\" content=\"https:\/\/www.facebook.com\/mrled.mx\/\" \/>\n<meta property=\"article:modified_time\" content=\"2022-03-10T17:08:07+00:00\" \/>\n<meta property=\"og:image\" content=\"https:\/\/mrled.mx\/Tienda\/wp-content\/uploads\/2016\/06\/mrled.png\" \/>\n\t<meta property=\"og:image:width\" content=\"709\" \/>\n\t<meta property=\"og:image:height\" content=\"312\" \/>\n\t<meta property=\"og:image:type\" content=\"image\/png\" \/>\n<meta name=\"twitter:card\" content=\"summary_large_image\" \/>\n<meta name=\"twitter:label1\" content=\"Tiempo de lectura\" \/>\n\t<meta name=\"twitter:data1\" content=\"2 minutos\" \/>\n<script type=\"application\/ld+json\" class=\"yoast-schema-graph\">{\"@context\":\"https:\\\/\\\/schema.org\",\"@graph\":[{\"@type\":\"WebPage\",\"@id\":\"https:\\\/\\\/mrled.mx\\\/Tienda\\\/preguntas-frecuentes\\\/\",\"url\":\"https:\\\/\\\/mrled.mx\\\/Tienda\\\/preguntas-frecuentes\\\/\",\"name\":\"PREGUNTAS FRECUENTES - Mr Led Tienda Online - Mr Led\",\"isPartOf\":{\"@id\":\"https:\\\/\\\/mrled.mx\\\/Tienda\\\/#website\"},\"datePublished\":\"2017-02-09T18:47:50+00:00\",\"dateModified\":\"2022-03-10T17:08:07+00:00\",\"breadcrumb\":{\"@id\":\"https:\\\/\\\/mrled.mx\\\/Tienda\\\/preguntas-frecuentes\\\/#breadcrumb\"},\"inLanguage\":\"es\",\"potentialAction\":[{\"@type\":\"ReadAction\",\"target\":[\"https:\\\/\\\/mrled.mx\\\/Tienda\\\/preguntas-frecuentes\\\/\"]}]},{\"@type\":\"BreadcrumbList\",\"@id\":\"https:\\\/\\\/mrled.mx\\\/Tienda\\\/preguntas-frecuentes\\\/#breadcrumb\",\"itemListElement\":[{\"@type\":\"ListItem\",\"position\":1,\"name\":\"Portada\",\"item\":\"https:\\\/\\\/mrled.mx\\\/Tienda\\\/\"},{\"@type\":\"ListItem\",\"position\":2,\"name\":\"PREGUNTAS FRECUENTES\"}]},{\"@type\":\"WebSite\",\"@id\":\"https:\\\/\\\/mrled.mx\\\/Tienda\\\/#website\",\"url\":\"https:\\\/\\\/mrled.mx\\\/Tienda\\\/\",\"name\":\"Mr Led Tienda Online - Mr Led\",\"description\":\"Bienvenido a nuestro cat\u00e1logo de productos, Mr Led se pone a sus ordenes\",\"publisher\":{\"@id\":\"https:\\\/\\\/mrled.mx\\\/Tienda\\\/#organization\"},\"potentialAction\":[{\"@type\":\"SearchAction\",\"target\":{\"@type\":\"EntryPoint\",\"urlTemplate\":\"https:\\\/\\\/mrled.mx\\\/Tienda\\\/?s={search_term_string}\"},\"query-input\":{\"@type\":\"PropertyValueSpecification\",\"valueRequired\":true,\"valueName\":\"search_term_string\"}}],\"inLanguage\":\"es\"},{\"@type\":\"Organization\",\"@id\":\"https:\\\/\\\/mrled.mx\\\/Tienda\\\/#organization\",\"name\":\"MR LED\",\"url\":\"https:\\\/\\\/mrled.mx\\\/Tienda\\\/\",\"logo\":{\"@type\":\"ImageObject\",\"inLanguage\":\"es\",\"@id\":\"https:\\\/\\\/mrled.mx\\\/Tienda\\\/#\\\/schema\\\/logo\\\/image\\\/\",\"url\":\"https:\\\/\\\/mrled.mx\\\/Tienda\\\/wp-content\\\/uploads\\\/2018\\\/05\\\/mrled.png\",\"contentUrl\":\"https:\\\/\\\/mrled.mx\\\/Tienda\\\/wp-content\\\/uploads\\\/2018\\\/05\\\/mrled.png\",\"width\":709,\"height\":312,\"caption\":\"MR LED\"},\"image\":{\"@id\":\"https:\\\/\\\/mrled.mx\\\/Tienda\\\/#\\\/schema\\\/logo\\\/image\\\/\"},\"sameAs\":[\"https:\\\/\\\/www.facebook.com\\\/mrled.mx\\\/\",\"https:\\\/\\\/www.instagram.com\\\/mr_led_mx\\\/\",\"https:\\\/\\\/www.youtube.com\\\/channel\\\/UCbEm4slOc4Ay4j86mJbYPEw\"]}]}<\/script>\n<!-- \/ Yoast SEO plugin. -->","yoast_head_json":{"title":"PREGUNTAS FRECUENTES - Mr Led Tienda Online - Mr Led","robots":{"index":"index","follow":"follow","max-snippet":"max-snippet:-1","max-image-preview":"max-image-preview:large","max-video-preview":"max-video-preview:-1"},"canonical":"https:\/\/mrled.mx\/Tienda\/preguntas-frecuentes\/","og_locale":"es_ES","og_type":"article","og_title":"PREGUNTAS FRECUENTES - Mr Led Tienda Online - Mr Led","og_description":"\u00bfD\u00f3nde est\u00e1n ubicados? Estamos ubicados en la ciudad de Puebla, Puebla. \u00bfQu\u00e9 m\u00e9todo de pago aceptan? Aceptamos pago v\u00eda paypal, dep\u00f3sito bancario, transferencia y pago en oxxo. \u00bfPuedo pagar al recoger los productos? Claro, puedes pagar en nuestras instalaciones \u00bfTienen los productos en existencia? Tratamos de tener todo en stock, si alg\u00fan producto se agota&hellip;&nbsp;Read More &raquo;PREGUNTAS FRECUENTES","og_url":"https:\/\/mrled.mx\/Tienda\/preguntas-frecuentes\/","og_site_name":"Mr Led Tienda Online - Mr Led","article_publisher":"https:\/\/www.facebook.com\/mrled.mx\/","article_modified_time":"2022-03-10T17:08:07+00:00","og_image":[{"width":709,"height":312,"url":"https:\/\/mrled.mx\/Tienda\/wp-content\/uploads\/2016\/06\/mrled.png","type":"image\/png"}],"twitter_card":"summary_large_image","twitter_misc":{"Tiempo de lectura":"2 minutos"},"schema":{"@context":"https:\/\/schema.org","@graph":[{"@type":"WebPage","@id":"https:\/\/mrled.mx\/Tienda\/preguntas-frecuentes\/","url":"https:\/\/mrled.mx\/Tienda\/preguntas-frecuentes\/","name":"PREGUNTAS FRECUENTES - Mr Led Tienda Online - Mr Led","isPartOf":{"@id":"https:\/\/mrled.mx\/Tienda\/#website"},"datePublished":"2017-02-09T18:47:50+00:00","dateModified":"2022-03-10T17:08:07+00:00","breadcrumb":{"@id":"https:\/\/mrled.mx\/Tienda\/preguntas-frecuentes\/#breadcrumb"},"inLanguage":"es","potentialAction":[{"@type":"ReadAction","target":["https:\/\/mrled.mx\/Tienda\/preguntas-frecuentes\/"]}]},{"@type":"BreadcrumbList","@id":"https:\/\/mrled.mx\/Tienda\/preguntas-frecuentes\/#breadcrumb","itemListElement":[{"@type":"ListItem","position":1,"name":"Portada","item":"https:\/\/mrled.mx\/Tienda\/"},{"@type":"ListItem","position":2,"name":"PREGUNTAS FRECUENTES"}]},{"@type":"WebSite","@id":"https:\/\/mrled.mx\/Tienda\/#website","url":"https:\/\/mrled.mx\/Tienda\/","name":"Mr Led Tienda Online - Mr Led","description":"Bienvenido a nuestro cat\u00e1logo de productos, Mr Led se pone a sus ordenes","publisher":{"@id":"https:\/\/mrled.mx\/Tienda\/#organization"},"potentialAction":[{"@type":"SearchAction","target":{"@type":"EntryPoint","urlTemplate":"https:\/\/mrled.mx\/Tienda\/?s={search_term_string}"},"query-input":{"@type":"PropertyValueSpecification","valueRequired":true,"valueName":"search_term_string"}}],"inLanguage":"es"},{"@type":"Organization","@id":"https:\/\/mrled.mx\/Tienda\/#organization","name":"MR LED","url":"https:\/\/mrled.mx\/Tienda\/","logo":{"@type":"ImageObject","inLanguage":"es","@id":"https:\/\/mrled.mx\/Tienda\/#\/schema\/logo\/image\/","url":"https:\/\/mrled.mx\/Tienda\/wp-content\/uploads\/2018\/05\/mrled.png","contentUrl":"https:\/\/mrled.mx\/Tienda\/wp-content\/uploads\/2018\/05\/mrled.png","width":709,"height":312,"caption":"MR LED"},"image":{"@id":"https:\/\/mrled.mx\/Tienda\/#\/schema\/logo\/image\/"},"sameAs":["https:\/\/www.facebook.com\/mrled.mx\/","https:\/\/www.instagram.com\/mr_led_mx\/","https:\/\/www.youtube.com\/channel\/UCbEm4slOc4Ay4j86mJbYPEw"]}]}},"_links":{"self":[{"href":"https:\/\/mrled.mx\/Tienda\/wp-json\/wp\/v2\/pages\/1489","targetHints":{"allow":["GET"]}}],"collection":[{"href":"https:\/\/mrled.mx\/Tienda\/wp-json\/wp\/v2\/pages"}],"about":[{"href":"https:\/\/mrled.mx\/Tienda\/wp-json\/wp\/v2\/types\/page"}],"author":[{"embeddable":true,"href":"https:\/\/mrled.mx\/Tienda\/wp-json\/wp\/v2\/users\/2"}],"replies":[{"embeddable":true,"href":"https:\/\/mrled.mx\/Tienda\/wp-json\/wp\/v2\/comments?post=1489"}],"version-history":[{"count":15,"href":"https:\/\/mrled.mx\/Tienda\/wp-json\/wp\/v2\/pages\/1489\/revisions"}],"predecessor-version":[{"id":15784,"href":"https:\/\/mrled.mx\/Tienda\/wp-json\/wp\/v2\/pages\/1489\/revisions\/15784"}],"wp:attachment":[{"href":"https:\/\/mrled.mx\/Tienda\/wp-json\/wp\/v2\/media?parent=1489"}],"curies":[{"name":"wp","href":"https:\/\/api.w.org\/{rel}","templated":true}]}}